{"id":51257,"date":"2020-04-07T19:56:24","date_gmt":"2020-04-07T17:56:24","guid":{"rendered":"https:\/\/artadvisoryservices.org\/obras-vendidas\/"},"modified":"2020-05-10T11:02:14","modified_gmt":"2020-05-10T09:02:14","slug":"oeuvres-vendus","status":"publish","type":"page","link":"https:\/\/artadvisoryservices.org\/fr\/oeuvres-vendus\/","title":{"rendered":"\u0152uvres vendus"},"content":{"rendered":"<p>[et_pb_section fb_built=\u00a0\u00bb1&Prime; _builder_version=\u00a0\u00bb4.4.3&Prime; custom_margin=\u00a0\u00bb0px|0px|0px|0px|false|false\u00a0\u00bb custom_padding=\u00a0\u00bb0px|0px|0px|0px|false|false\u00a0\u00bb][et_pb_row _builder_version=\u00a0\u00bb4.4.2&Prime; saved_tabs=\u00a0\u00bball\u00a0\u00bb][et_pb_column type=\u00a0\u00bb4_4&Prime; _builder_version=\u00a0\u00bb4.4.2&Prime;][et_pb_text _builder_version=\u00a0\u00bb4.4.5&Prime; text_font=\u00a0\u00bbOpen Sans Condensed||||||||\u00a0\u00bb text_font_size=\u00a0\u00bb19px\u00a0\u00bb height=\u00a0\u00bb100%\u00a0\u00bb custom_padding=\u00a0\u00bb||||false|false\u00a0\u00bb]<\/p>\n<p><strong><span style=\"color: #993366; font-size: 1.5em;\">Artistes vendus<\/span><\/strong><\/p>\n<p>[\/et_pb_text][\/et_pb_column][\/et_pb_row][et_pb_row _builder_version=\u00a0\u00bb4.4.2&Prime; module_alignment=\u00a0\u00bbcenter\u00a0\u00bb][et_pb_column type=\u00a0\u00bb4_4&Prime; _builder_version=\u00a0\u00bb4.4.2&Prime;][et_pb_text admin_label=\u00a0\u00bbAutores Vendidos\u00a0\u00bb module_class=\u00a0\u00bbtxt-4cols\u00a0\u00bb _builder_version=\u00a0\u00bb4.4.5&Prime;]<\/p>\n<p>A. Kassen<br \/> Abbas Kiarostami<br \/> Ai Weiwei<br \/> Aldo Chaparro<br \/> Andy Warhol<br \/> \u00c1ngela de la Cruz<br \/> Anthony Gormley<br \/> Antoni T\u00e1pies<br \/> Antonio Saura<br \/> Aya Takano<br \/> Bernard Venet<br \/> Bosco Sodi<br \/> Chao Lu<br \/> Chema Madoz<br \/> Clare Woods<br \/> Damien Hirst<br \/> Dionisio Gonz\u00e1lez<br \/> Ed Ruscha<br \/> Emil Lukas<br \/> Emilio Pettoruti<br \/> Erwin Olaf<br \/> Fred Tomaselli<br \/> Gabriel Orozco<br \/> George Condo<br \/> Gonzalo Lebrija<br \/> Guillermo Kuitca<br \/> Hans Op Beeck<br \/> Helmut Newton<br \/> Herb Ritts<br \/> Hiroshi Sugimoto<br \/> Ian Monroe<br \/> James Rosenquist<br \/> Jason Martin<br \/> Jaume Plensa<br \/> Juan Francisco Casas<br \/> Julian Opie<br \/> Leandro Elrich<br \/> Los Carpinteros<br \/> Lu Chao<br \/> Lucio Mu\u00f1oz<br \/> Ma\u00edllo<br \/> Manolo Millares<br \/> Manuel Rivera<br \/> Manuel Caeiro<br \/> Miquel Barcel\u00f3<br \/> Nir Hod<br \/> Olafur Eliasson<br \/> \u00d3scar Murillo<br \/> Pablo Palazuelo<br \/> Parviz Tanavoli<br \/> Peter Beard<br \/> Phillip-Lorca di Corcia<br \/> Rafael Macarr\u00f3n<br \/> Rashid Rana<br \/> Raymond Pettibon<br \/> Richard Avedon<br \/> Richard Longo<br \/> Robert Longo<br \/> Sarah Morris<br \/> Secundino Hern\u00e1ndez<br \/> Shadi Ghadirian<br \/> Stephan Bruggenmann<br \/> Sterlin Rubi<br \/> Thomas Ruff<br \/> Thomas Scheibitz<br \/> Thomas Struth<br \/> Tomas Saraceno<br \/> Tomohiro Inaba<br \/> Tony Cragg<br \/> Ugo Rondinone<br \/> Vik Muniz<br \/> Yan Pei Ming<br \/> Yasumasa Morimura<br \/> Youssef Nabil<\/p>\n<p style=\"text-align: right;\">\u2026 entre autres<\/p>\n<p>[\/et_pb_text][\/et_pb_column][\/et_pb_row][et_pb_row _builder_version=\u00a0\u00bb4.4.2&Prime;][et_pb_column type=\u00a0\u00bb4_4&Prime; _builder_version=\u00a0\u00bb4.4.2&Prime;][et_pb_text _builder_version=\u00a0\u00bb4.4.5&Prime; text_font=\u00a0\u00bbOpen Sans Condensed||||||||\u00a0\u00bb text_font_size=\u00a0\u00bb19px\u00a0\u00bb height=\u00a0\u00bb100%\u00a0\u00bb custom_margin=\u00a0\u00bb||30px||false|false\u00a0\u00bb custom_padding=\u00a0\u00bb||||false|false\u00a0\u00bb]<\/p>\n<p><strong><span style=\"color: #993366; font-size: 1.5em;\">Quelques exemples d&rsquo;\u0153uvres vendus<\/span><\/strong><\/p>\n<p>[\/et_pb_text][et_pb_gallery gallery_ids=\u00a0\u00bb1295,1291,1289,1293,1296,51246,1292,51405,1286,1287,51458,51407,51404,51406,51251&Prime; posts_number=\u00a0\u00bb15&Prime; db_images_per_row=\u00a0\u00bb3&Prime; db_image_row_spacing=\u00a0\u00bb3px\u00a0\u00bb db_image_object_fit=\u00a0\u00bbinitial\u00a0\u00bb orientation=\u00a0\u00bbportrait\u00a0\u00bb show_pagination=\u00a0\u00bboff\u00a0\u00bb admin_label=\u00a0\u00bbGaler\u00eda Autores Vendidos\u00a0\u00bb _builder_version=\u00a0\u00bb4.4.5&Prime; custom_margin=\u00a0\u00bb||10px||false|false\u00a0\u00bb custom_padding=\u00a0\u00bb||10px||false|false\u00a0\u00bb saved_tabs=\u00a0\u00bball\u00a0\u00bb locked=\u00a0\u00bboff\u00a0\u00bb][\/et_pb_gallery][\/et_pb_column][\/et_pb_row][\/et_pb_section]<\/p>\n<div class=\"sharing-default-minimal post-bottom\"><div class=\"nectar-social default\" data-position=\"\" data-rm-love=\"0\" data-color-override=\"override\"><div class=\"nectar-social-inner\"><a href=\"#\" class=\"nectar-love\" id=\"nectar-love-51257\" title=\"Love this\"> <i class=\"icon-salient-heart-2\"><\/i><span class=\"love-text\">Love<\/span><span class=\"total_loves\"><span class=\"nectar-love-count\">0<\/span><\/span><\/a><a class='facebook-share nectar-sharing' href='#' title='Share this'> <i class='fa fa-facebook'><\/i> <span class='social-text'>Share<\/span> <\/a><a class='twitter-share nectar-sharing' href='#' title='Share this'> <i class='fa icon-salient-x-twitter'><\/i> <span class='social-text'>Share<\/span> <\/a><a class='linkedin-share nectar-sharing' href='#' title='Share this'> <i class='fa fa-linkedin'><\/i> <span class='social-text'>Share<\/span> <\/a><a class='pinterest-share nectar-sharing' href='#' title='Pin this'> <i class='fa fa-pinterest'><\/i> <span class='social-text'>Pin<\/span> <\/a><\/div><\/div><\/div>","protected":false},"excerpt":{"rendered":"<p>Artistes vendusA. Kassen Abbas Kiarostami Ai Weiwei Aldo Chaparro Andy Warhol \u00c1ngela de la Cruz Anthony Gormley Antoni T\u00e1pies Antonio Saura Aya Takano Bernard Venet Bosco Sodi Chao Lu Chema Madoz Clare Woods Damien Hirst Dionisio Gonz\u00e1lez Ed Ruscha Emil Lukas Emilio Pettoruti Erwin Olaf Fred Tomaselli Gabriel Orozco George Condo Gonzalo Lebrija Guillermo Kuitca [&hellip;]<\/p>\n","protected":false},"author":1,"featured_media":0,"parent":0,"menu_order":0,"comment_status":"closed","ping_status":"closed","template":"","meta":{"_et_pb_use_builder":"on","_et_pb_old_content":"","_et_gb_content_width":"","pmpro_default_level":"","footnotes":""},"class_list":["post-51257","page","type-page","status-publish","hentry","pmpro-has-access"],"aioseo_notices":[],"_links":{"self":[{"href":"https:\/\/artadvisoryservices.org\/fr\/wp-json\/wp\/v2\/pages\/51257","targetHints":{"allow":["GET"]}}],"collection":[{"href":"https:\/\/artadvisoryservices.org\/fr\/wp-json\/wp\/v2\/pages"}],"about":[{"href":"https:\/\/artadvisoryservices.org\/fr\/wp-json\/wp\/v2\/types\/page"}],"author":[{"embeddable":true,"href":"https:\/\/artadvisoryservices.org\/fr\/wp-json\/wp\/v2\/users\/1"}],"replies":[{"embeddable":true,"href":"https:\/\/artadvisoryservices.org\/fr\/wp-json\/wp\/v2\/comments?post=51257"}],"version-history":[{"count":0,"href":"https:\/\/artadvisoryservices.org\/fr\/wp-json\/wp\/v2\/pages\/51257\/revisions"}],"wp:attachment":[{"href":"https:\/\/artadvisoryservices.org\/fr\/wp-json\/wp\/v2\/media?parent=51257"}],"curies":[{"name":"wp","href":"https:\/\/api.w.org\/{rel}","templated":true}]}}