{"id":51186,"date":"2020-04-07T19:32:57","date_gmt":"2020-04-07T17:32:57","guid":{"rendered":"https:\/\/artadvisoryservices.org\/servicios-artisticos\/"},"modified":"2020-05-10T19:22:12","modified_gmt":"2020-05-10T17:22:12","slug":"services-artistiques","status":"publish","type":"page","link":"https:\/\/artadvisoryservices.org\/fr\/services-artistiques\/","title":{"rendered":"Services artistiques"},"content":{"rendered":"<p>[et_pb_section fb_built=\u00a0\u00bb1&Prime; _builder_version=\u00a0\u00bb4.4.3&Prime; width=\u00a0\u00bb100vw\u00a0\u00bb custom_margin=\u00a0\u00bb0px|0px|0px|0px|false|false\u00a0\u00bb custom_padding=\u00a0\u00bb0px|0px|0px|0px|false|false\u00a0\u00bb][et_pb_row _builder_version=\u00a0\u00bb4.4.2&Prime;][et_pb_column type=\u00a0\u00bb4_4&Prime; _builder_version=\u00a0\u00bb4.4.2&Prime;][et_pb_text _builder_version=\u00a0\u00bb4.4.5&Prime; text_font=\u00a0\u00bbOpen Sans Condensed||||||||\u00a0\u00bb text_font_size=\u00a0\u00bb19px\u00a0\u00bb height=\u00a0\u00bb100%\u00a0\u00bb custom_padding=\u00a0\u00bb|30px||0px|false|false\u00a0\u00bb]<strong><span style=\"color: #993366; font-size: 1.5em;\">L&rsquo;art comme une forme d&rsquo;investissement<\/span><\/strong>[\/et_pb_text][\/et_pb_column][\/et_pb_row][\/et_pb_section][et_pb_section fb_built=\u00a0\u00bb1&Prime; _builder_version=\u00a0\u00bb4.4.3&Prime; width=\u00a0\u00bb100vw\u00a0\u00bb custom_margin=\u00a0\u00bb0px|0px|0px|0px|false|false\u00a0\u00bb custom_padding=\u00a0\u00bb0px|0px|0px|0px|false|false\u00a0\u00bb border_width_top=\u00a0\u00bb1px\u00a0\u00bb border_color_top=\u00a0\u00bb#953e88&Prime; border_width_bottom=\u00a0\u00bb1px\u00a0\u00bb border_color_bottom=\u00a0\u00bb#953e88&Prime;][et_pb_row _builder_version=\u00a0\u00bb4.4.3&Prime; module_alignment=\u00a0\u00bbcenter\u00a0\u00bb custom_margin=\u00a0\u00bb0px||0px||false|false\u00a0\u00bb custom_padding=\u00a0\u00bb0px||0px||false|false\u00a0\u00bb][et_pb_column type=\u00a0\u00bb4_4&Prime; _builder_version=\u00a0\u00bb4.4.2&Prime;][et_pb_video src=\u00a0\u00bbhttps:\/\/artadvisoryservices.org\/wp-content\/uploads\/artadvisoryservices-el-arte-como-forma-de-inversion.mp4&Prime; image_src=\u00a0\u00bbhttps:\/\/artadvisoryservices.org\/wp-content\/uploads\/artadvisoryservices-el-arte-como-forma-de-inversion-initialframe.jpg\u00a0\u00bb play_icon_color=\u00a0\u00bb#953e88&Prime; thumbnail_overlay_color=\u00a0\u00bbrgba(0,0,0,0.6)\u00a0\u00bb _builder_version=\u00a0\u00bb4.4.5&Prime; custom_margin=\u00a0\u00bb10px||10px||false|false\u00a0\u00bb custom_padding=\u00a0\u00bb10px||10px||false|false\u00a0\u00bb hover_enabled=\u00a0\u00bb0&Prime; title_text=\u00a0\u00bbartadvisoryservices-el-arte-como-forma-de-inversion-initialframe\u00a0\u00bb][\/et_pb_video][\/et_pb_column][\/et_pb_row][\/et_pb_section][et_pb_section fb_built=\u00a0\u00bb1&Prime; _builder_version=\u00a0\u00bb4.4.2&Prime;][et_pb_row column_structure=\u00a0\u00bb1_2,1_2&Prime; _builder_version=\u00a0\u00bb4.4.2&Prime;][et_pb_column type=\u00a0\u00bb1_2&Prime; _builder_version=\u00a0\u00bb4.4.2&Prime;][et_pb_text _builder_version=\u00a0\u00bb4.4.5&Prime; text_font=\u00a0\u00bbOpen Sans Condensed||||||||\u00a0\u00bb text_font_size=\u00a0\u00bb19px\u00a0\u00bb height=\u00a0\u00bb100%\u00a0\u00bb custom_padding=\u00a0\u00bb|30px||0px|false|false\u00a0\u00bb]<strong><span style=\"color: #993366; font-size: 1.5em;\">Art Advisory Services <\/span><\/strong>conseille toute personne passionnee par l\u00b4art : depuis les acheteurs debutants qui constituent graduellement sa collection aux plus amateurs.<\/p>\n<p>On travail avec des clients particuliers ainsi que avec entreprises. Notre sp\u00e9cialit\u00e9 est l&rsquo;art contemporain am\u00e9ricain, latino-am\u00e9ricain, europ\u00e9en et de Moyen Orient.[\/et_pb_text][\/et_pb_column][et_pb_column type=\u00a0\u00bb1_2&Prime; _builder_version=\u00a0\u00bb4.4.2&Prime;][et_pb_text _builder_version=\u00a0\u00bb4.4.5&Prime; text_font=\u00a0\u00bbOpen Sans Condensed||||||||\u00a0\u00bb text_font_size=\u00a0\u00bb19px\u00a0\u00bb custom_padding=\u00a0\u00bb|||30px|false|false\u00a0\u00bb border_width_left=\u00a0\u00bb1px\u00a0\u00bb]<\/p>\n<p><strong><span style=\"color: #993366; font-size: 1.2em;\">Services<\/span><\/strong><\/p>\n<ul>\n<li>\n<p>D\u00e9terminer l&rsquo;int\u00e9r\u00eat artistique du client ainsi que ses envies.<\/p>\n<\/li>\n<li>\n<p>\u00c9tablir strat\u00e9giquement le plan pour la cr\u00e9ation d&rsquo;une collection d&rsquo;art.<\/p>\n<\/li>\n<li>\n<p>La des oeuvres dans le marche internationaux ainse que sur le marcge des foires d\u00b4art<\/p>\n<\/li>\n<li>\n<p>Une appr\u00e9ciation et une \u00e9valuation qualifi\u00e9e d&rsquo;acquisitions potentielles<\/p>\n<\/li>\n<li>\n<p>Assistance dans les test d&rsquo;authentification, d&rsquo;assurances, de transports et l installation d&rsquo;oeuvres..<\/p>\n<\/li>\n<li>\n<p>Une repr\u00e9sentation dans les ench\u00e8res et des n\u00e9gociations priv\u00e9es.<\/p>\n<\/li>\n<li>\n<p>Evaluation des collections existantes et recommendations et mise au point de l\u00b4objectif poursuivi<\/p>\n<\/li>\n<li>\n<p>services d&rsquo;inventaire et de taxation.<\/p>\n<\/li>\n<\/ul>\n<p>[\/et_pb_text][\/et_pb_column][\/et_pb_row][\/et_pb_section]<\/p>\n<div class=\"sharing-default-minimal post-bottom\"><div class=\"nectar-social default\" data-position=\"\" data-rm-love=\"0\" data-color-override=\"override\"><div class=\"nectar-social-inner\"><a href=\"#\" class=\"nectar-love\" id=\"nectar-love-51186\" title=\"Love this\"> <i class=\"icon-salient-heart-2\"><\/i><span class=\"love-text\">Love<\/span><span class=\"total_loves\"><span class=\"nectar-love-count\">0<\/span><\/span><\/a><a class='facebook-share nectar-sharing' href='#' title='Share this'> <i class='fa fa-facebook'><\/i> <span class='social-text'>Share<\/span> <\/a><a class='twitter-share nectar-sharing' href='#' title='Share this'> <i class='fa icon-salient-x-twitter'><\/i> <span class='social-text'>Share<\/span> <\/a><a class='linkedin-share nectar-sharing' href='#' title='Share this'> <i class='fa fa-linkedin'><\/i> <span class='social-text'>Share<\/span> <\/a><a class='pinterest-share nectar-sharing' href='#' title='Pin this'> <i class='fa fa-pinterest'><\/i> <span class='social-text'>Pin<\/span> <\/a><\/div><\/div><\/div>","protected":false},"excerpt":{"rendered":"<p>L&rsquo;art comme une forme d&rsquo;investissementArt Advisory Services conseille toute personne passionnee par l\u00b4art : depuis les acheteurs debutants qui constituent graduellement sa collection aux plus amateurs. On travail avec des clients particuliers ainsi que avec entreprises. Notre sp\u00e9cialit\u00e9 est l&rsquo;art contemporain am\u00e9ricain, latino-am\u00e9ricain, europ\u00e9en et de Moyen Orient.Services D\u00e9terminer l&rsquo;int\u00e9r\u00eat artistique du client ainsi que [&hellip;]<\/p>\n","protected":false},"author":1,"featured_media":0,"parent":0,"menu_order":0,"comment_status":"closed","ping_status":"closed","template":"","meta":{"_et_pb_use_builder":"on","_et_pb_old_content":"","_et_gb_content_width":"","pmpro_default_level":"","footnotes":""},"class_list":["post-51186","page","type-page","status-publish","hentry","pmpro-has-access"],"aioseo_notices":[],"_links":{"self":[{"href":"https:\/\/artadvisoryservices.org\/fr\/wp-json\/wp\/v2\/pages\/51186","targetHints":{"allow":["GET"]}}],"collection":[{"href":"https:\/\/artadvisoryservices.org\/fr\/wp-json\/wp\/v2\/pages"}],"about":[{"href":"https:\/\/artadvisoryservices.org\/fr\/wp-json\/wp\/v2\/types\/page"}],"author":[{"embeddable":true,"href":"https:\/\/artadvisoryservices.org\/fr\/wp-json\/wp\/v2\/users\/1"}],"replies":[{"embeddable":true,"href":"https:\/\/artadvisoryservices.org\/fr\/wp-json\/wp\/v2\/comments?post=51186"}],"version-history":[{"count":0,"href":"https:\/\/artadvisoryservices.org\/fr\/wp-json\/wp\/v2\/pages\/51186\/revisions"}],"wp:attachment":[{"href":"https:\/\/artadvisoryservices.org\/fr\/wp-json\/wp\/v2\/media?parent=51186"}],"curies":[{"name":"wp","href":"https:\/\/api.w.org\/{rel}","templated":true}]}}