{"id":51152,"date":"2020-04-07T13:31:21","date_gmt":"2020-04-07T11:31:21","guid":{"rendered":"https:\/\/artadvisoryservices.org\/acerca-de-nosotros\/"},"modified":"2020-05-07T08:18:51","modified_gmt":"2020-05-07T06:18:51","slug":"a-propos-de-nous","status":"publish","type":"page","link":"https:\/\/artadvisoryservices.org\/fr\/a-propos-de-nous\/","title":{"rendered":"A propos de nous"},"content":{"rendered":"<p>[et_pb_section fb_built=\u00a0\u00bb1&Prime; admin_label=\u00a0\u00bbCourse Hero\u00a0\u00bb _builder_version=\u00a0\u00bb4.4.2&Prime; background_enable_image=\u00a0\u00bboff\u00a0\u00bb background_blend=\u00a0\u00bboverlay\u00a0\u00bb custom_padding=\u00a0\u00bb50px|0px|50px|0px||\u00a0\u00bb animation_style=\u00a0\u00bbslide\u00a0\u00bb animation_direction=\u00a0\u00bbtop\u00a0\u00bb animation_intensity_slide=\u00a0\u00bb2%\u00a0\u00bb locked=\u00a0\u00bboff\u00a0\u00bb][et_pb_row _builder_version=\u00a0\u00bb4.4.2&Prime; width=\u00a0\u00bb90%\u00a0\u00bb][et_pb_column type=\u00a0\u00bb4_4&Prime; _builder_version=\u00a0\u00bb4.4.2&Prime;][et_pb_team_member name=\u00a0\u00bbSof\u00eda Urbina\u00a0\u00bb image_url=\u00a0\u00bbhttps:\/\/artadvisoryservices.org\/wp-content\/uploads\/artadvisoryservices-sofia-urbina.jpg\u00a0\u00bb _builder_version=\u00a0\u00bb4.4.5&Prime; header_text_color=\u00a0\u00bb#953e88&Prime; header_font_size=\u00a0\u00bb30px\u00a0\u00bb position_font=\u00a0\u00bb||on||||||\u00a0\u00bb position_text_align=\u00a0\u00bbleft\u00a0\u00bb position_text_color=\u00a0\u00bb#4d4d4d\u00a0\u00bb position_font_size=\u00a0\u00bb16px\u00a0\u00bb module_alignment=\u00a0\u00bbcenter\u00a0\u00bb custom_margin=\u00a0\u00bb||30px||false|false\u00a0\u00bb border_radii_image=\u00a0\u00bbon|30px|30px|30px|30px\u00a0\u00bb border_width_all_image=\u00a0\u00bb1px\u00a0\u00bb border_color_all_image=\u00a0\u00bb#953e88&Prime; box_shadow_style_image=\u00a0\u00bbpreset2&Prime;]<\/p>\n<p>Sofia Urbina, fondatrice et pi\u00e8ce moteur d&rsquo;Art Advisory Services, elle travaille dans le monde de l&rsquo;art depuis 1998 . Son exp\u00e9rience est le r\u00e9sultat de plusieurs ann\u00e9es de travail r\u00e9alis\u00e9es \u00e0 NY et \u00e0 Londres o\u00f9 elle a v\u00e9cu respectivement 10 et 5 ans. Sofia a travaill\u00e9 \u00e0 Christie&rsquo;s, dans plusieurs galeries de NY et de Londres ainsi que dans les publications d&rsquo;art Brand Publicationes et LTB Media. De plus, elle a organis\u00e9 de nombreuses expositions de photographie \u00e0 NY et Dubai et elle a \u00e9t\u00e9 correspondante du magazine Arte y Parte dans plusieurs villes .<\/p>\n<p>R\u00e9cemment, elle a donn\u00e9 des conf\u00e9rences sur l&rsquo;art contemporain \u00e0 l&rsquo;Instituto de Empresa du Madrid et dans Just Mad qui se situe aussi \u00e0 Madrid. Enfin, en mars dernier, elle a particip\u00e9 \u00e0 une pr\u00e9sentation \u00e0 Caixa Forum Barcelona sur la collaboration public-priv\u00e9 dans la gestion culturelle .<\/p>\n<p>[\/et_pb_team_member][\/et_pb_column][\/et_pb_row][et_pb_row _builder_version=\u00a0\u00bb4.4.3&Prime; width=\u00a0\u00bb90%\u00a0\u00bb][et_pb_column type=\u00a0\u00bb4_4&Prime; _builder_version=\u00a0\u00bb4.4.2&Prime;][et_pb_team_member name=\u00a0\u00bbPilar Rodr\u00edguez-Toubes Osborne\u00a0\u00bb position=\u00a0\u00bbAmsterdam\u00a0\u00bb image_url=\u00a0\u00bbhttps:\/\/artadvisoryservices.org\/wp-content\/uploads\/pilar-rodriguez-toubes.png\u00a0\u00bb _builder_version=\u00a0\u00bb4.4.5&Prime; header_text_color=\u00a0\u00bb#953e88&Prime; header_font_size=\u00a0\u00bb30px\u00a0\u00bb position_font=\u00a0\u00bb||on||||||\u00a0\u00bb position_text_align=\u00a0\u00bbleft\u00a0\u00bb position_text_color=\u00a0\u00bb#4d4d4d\u00a0\u00bb position_font_size=\u00a0\u00bb16px\u00a0\u00bb module_alignment=\u00a0\u00bbcenter\u00a0\u00bb custom_margin=\u00a0\u00bb||30px||false|false\u00a0\u00bb border_radii_image=\u00a0\u00bbon|30px|30px|30px|30px\u00a0\u00bb border_width_all_image=\u00a0\u00bb1px\u00a0\u00bb border_color_all_image=\u00a0\u00bb#953e88&Prime; box_shadow_style_image=\u00a0\u00bbpreset2&Prime;]<\/p>\n<p>Pilar Rodr\u00edguez-Toubes Osborne, dipl\u00f4m\u00e9e en communications et histoire de l&rsquo;art de l&rsquo;Universit\u00e9 de Richmond \u00e0 Londres.<br \/>Elle a v\u00e9cu \u00e0 Vermont\u00a0 (U.S.A), elle est dipl\u00f4m\u00e9 d&rsquo;universit\u00e9s Parisienne, Londonienne et Madril\u00e8ne.<br \/>Aujourd&rsquo;hui elle habite \u00e0 Amsterdam, o\u00f9 elle a dirig\u00e9 deux entreprises : Pilar Chica, d\u00e9di\u00e9e au design et \u00e0 la commercialisation de chaussures ; ainsi que Weddingclick, d\u00e9di\u00e9e \u00e0 la vente et gestion online de cadeaux de mariage et autres \u00e9v\u00e9nements.<br \/>Elle est membre du conseil d&rsquo;administration Bio Gala, une association \u00e0 but non lucratif bas\u00e9e aux Pays-Bas qui recueille des fonds pour les enfants handicap\u00e9s.<br \/>Son exp\u00e9rience d\u00b4entrepreneur a \u00e9t\u00e9 reconnu dans les magazines Quote et Jackie.<br \/>Depuis octobre 2013, elle travaille pour Art Advisory Services concernant le march\u00e9 n\u00e9erlandais.<\/p>\n<p>[\/et_pb_team_member][\/et_pb_column][\/et_pb_row][et_pb_row _builder_version=\u00a0\u00bb4.4.3&Prime; width=\u00a0\u00bb90%\u00a0\u00bb][et_pb_column type=\u00a0\u00bb4_4&Prime; _builder_version=\u00a0\u00bb4.4.2&Prime;][et_pb_team_member name=\u00a0\u00bbCecilia Caballero\u00a0\u00bb position=\u00a0\u00bbBuenos Aires\u00a0\u00bb image_url=\u00a0\u00bbhttps:\/\/artadvisoryservices.org\/wp-content\/uploads\/cecilia-caballero.png\u00a0\u00bb db_link_target=\u00a0\u00bbon\u00a0\u00bb _builder_version=\u00a0\u00bb4.4.5&Prime; header_text_color=\u00a0\u00bb#953e88&Prime; header_font_size=\u00a0\u00bb30px\u00a0\u00bb position_font=\u00a0\u00bb||on||||||\u00a0\u00bb position_text_align=\u00a0\u00bbleft\u00a0\u00bb position_text_color=\u00a0\u00bb#4d4d4d\u00a0\u00bb position_font_size=\u00a0\u00bb16px\u00a0\u00bb module_alignment=\u00a0\u00bbcenter\u00a0\u00bb custom_margin=\u00a0\u00bb||30px||false|false\u00a0\u00bb border_radii_image=\u00a0\u00bbon|30px|30px|30px|30px\u00a0\u00bb border_width_all_image=\u00a0\u00bb1px\u00a0\u00bb border_color_all_image=\u00a0\u00bb#953e88&Prime; box_shadow_style_image=\u00a0\u00bbpreset2&Prime;]<\/p>\n<p>Cecilia est dipl\u00f4m\u00e9e en litt\u00e9rature anglaise pour l\u00b4Universit\u00e9 de La Plata \u00e0 Buenos Aires . Poursuivant ses \u00e9tudes , Cecilia a fait plusieurs tours et s\u00e9minaires sur l\u00b4art contemporain , s\u00b4occupant de conseiller\u00a0 et de faire la critique d\u00b4art . Cecilia est \u00e9galement une importante collectrice Argentine\u00a0 avec une grande sensibilit\u00e9 artistique , elle a men\u00e9 les collections de\u00a0 plusieurs collectionnistes argentins et \u00e9trangers.<br \/><a href=\"http:\/\/galeriaceciliacaballero.com.ar\/\" target=\"_blank\" rel=\"noopener noreferrer\"><span style=\"text-decoration: underline;\">http:\/\/galeriaceciliacaballero.com.ar\/<\/span><\/a><\/p>\n<p>[\/et_pb_team_member][\/et_pb_column][\/et_pb_row][et_pb_row _builder_version=\u00a0\u00bb4.4.3&Prime; width=\u00a0\u00bb90%\u00a0\u00bb][et_pb_column type=\u00a0\u00bb4_4&Prime; _builder_version=\u00a0\u00bb4.4.2&Prime;][et_pb_team_member name=\u00a0\u00bbAnthony Japour\u00a0\u00bb position=\u00a0\u00bbMiami\u00a0\u00bb image_url=\u00a0\u00bbhttps:\/\/artadvisoryservices.org\/wp-content\/uploads\/anthony-japour.png\u00a0\u00bb db_link_target=\u00a0\u00bbon\u00a0\u00bb _builder_version=\u00a0\u00bb4.4.5&Prime; header_text_color=\u00a0\u00bb#953e88&Prime; header_font_size=\u00a0\u00bb30px\u00a0\u00bb position_font=\u00a0\u00bb||on||||||\u00a0\u00bb position_text_align=\u00a0\u00bbleft\u00a0\u00bb position_text_color=\u00a0\u00bb#4d4d4d\u00a0\u00bb position_font_size=\u00a0\u00bb16px\u00a0\u00bb module_alignment=\u00a0\u00bbcenter\u00a0\u00bb custom_margin=\u00a0\u00bb||30px||false|false\u00a0\u00bb text_orientation_tablet=\u00a0\u00bb\u00a0\u00bb text_orientation_phone=\u00a0\u00bb\u00a0\u00bb text_orientation_last_edited=\u00a0\u00bbon|desktop\u00a0\u00bb border_radii_image=\u00a0\u00bbon|30px|30px|30px|30px\u00a0\u00bb border_width_all_image=\u00a0\u00bb1px\u00a0\u00bb border_color_all_image=\u00a0\u00bb#953e88&Prime; box_shadow_style_image=\u00a0\u00bbpreset2&Prime;]<\/p>\n<p>Anthony est un consultant d\u00b4art contemporain et un grand collectionneur d\u00b4art \u00e0 Miami , Floride . En 2002 il a ouvert \u201cAJ Japour Gallery\u201d un espace d\u00b4art contemporain international priv\u00e9 \u00e0 Miami Beach , o\u00f9 il a organis\u00e9 de nombreuses expositions d\u00b4artistes \u00e9mergents et \u00e9tablis.<br \/>Depuis une d\u00e9cennie , AJ Japour Galerie s\u00b4est centr\u00e9 sur le mouvement d\u00b4art contemporain chinois.<br \/>Depuis 2010 , Anthony \u00e9crit des chroniques mensuelles o\u00f9 il donne son avis sur des expositions d\u00b4art contemporain .<br \/>Sa collection d\u00b4art est publi\u00e9e \u00e0 New York Arts Magazine , Art&amp;Antiques, Elle Decor Paris, Eclectique et dans des magazines de luxe \u00e0 Miami.<br \/>Anthony est connu comme un expert en art contemporain chinois. R\u00e9cemment , Anthony a conseill\u00e9 l\u00b4acquisition d\u00b4oeuvres de Sterling Ruby et Fred Tomaselli dans d\u00b4 importantes collections priv\u00e9es.<\/p>\n<p><span style=\"text-decoration: underline;\"><a href=\"http:\/\/www.thejapourfamilycollection.com\" target=\"_blank\" rel=\"noopener noreferrer\">http:\/\/www.thejapourfamilycollection.com<\/a><\/span><\/p>\n<p>[\/et_pb_team_member][\/et_pb_column][\/et_pb_row][\/et_pb_section]<\/p>\n<div class=\"sharing-default-minimal post-bottom\"><div class=\"nectar-social default\" data-position=\"\" data-rm-love=\"0\" data-color-override=\"override\"><div class=\"nectar-social-inner\"><a href=\"#\" class=\"nectar-love\" id=\"nectar-love-51152\" title=\"Love this\"> <i class=\"icon-salient-heart-2\"><\/i><span class=\"love-text\">Love<\/span><span class=\"total_loves\"><span class=\"nectar-love-count\">0<\/span><\/span><\/a><a class='facebook-share nectar-sharing' href='#' title='Share this'> <i class='fa fa-facebook'><\/i> <span class='social-text'>Share<\/span> <\/a><a class='twitter-share nectar-sharing' href='#' title='Share this'> <i class='fa icon-salient-x-twitter'><\/i> <span class='social-text'>Share<\/span> <\/a><a class='linkedin-share nectar-sharing' href='#' title='Share this'> <i class='fa fa-linkedin'><\/i> <span class='social-text'>Share<\/span> <\/a><a class='pinterest-share nectar-sharing' href='#' title='Pin this'> <i class='fa fa-pinterest'><\/i> <span class='social-text'>Pin<\/span> <\/a><\/div><\/div><\/div>","protected":false},"excerpt":{"rendered":"<p>Sofia Urbina, fondatrice et pi\u00e8ce moteur d&rsquo;Art Advisory Services, elle travaille dans le monde de l&rsquo;art depuis 1998 . Son exp\u00e9rience est le r\u00e9sultat de plusieurs ann\u00e9es de travail r\u00e9alis\u00e9es \u00e0 NY et \u00e0 Londres o\u00f9 elle a v\u00e9cu respectivement 10 et 5 ans. Sofia a travaill\u00e9 \u00e0 Christie&rsquo;s, dans plusieurs galeries de NY et [&hellip;]<\/p>\n","protected":false},"author":1,"featured_media":0,"parent":0,"menu_order":0,"comment_status":"closed","ping_status":"closed","template":"","meta":{"_et_pb_use_builder":"on","_et_pb_old_content":"","_et_gb_content_width":"","pmpro_default_level":"","footnotes":""},"class_list":["post-51152","page","type-page","status-publish","hentry","pmpro-has-access"],"aioseo_notices":[],"_links":{"self":[{"href":"https:\/\/artadvisoryservices.org\/fr\/wp-json\/wp\/v2\/pages\/51152","targetHints":{"allow":["GET"]}}],"collection":[{"href":"https:\/\/artadvisoryservices.org\/fr\/wp-json\/wp\/v2\/pages"}],"about":[{"href":"https:\/\/artadvisoryservices.org\/fr\/wp-json\/wp\/v2\/types\/page"}],"author":[{"embeddable":true,"href":"https:\/\/artadvisoryservices.org\/fr\/wp-json\/wp\/v2\/users\/1"}],"replies":[{"embeddable":true,"href":"https:\/\/artadvisoryservices.org\/fr\/wp-json\/wp\/v2\/comments?post=51152"}],"version-history":[{"count":0,"href":"https:\/\/artadvisoryservices.org\/fr\/wp-json\/wp\/v2\/pages\/51152\/revisions"}],"wp:attachment":[{"href":"https:\/\/artadvisoryservices.org\/fr\/wp-json\/wp\/v2\/media?parent=51152"}],"curies":[{"name":"wp","href":"https:\/\/api.w.org\/{rel}","templated":true}]}}