{"id":1320,"date":"2020-04-04T10:41:11","date_gmt":"2020-04-04T08:41:11","guid":{"rendered":"https:\/\/artadvisoryservices.org\/art-advisory-services-sofia-urbina-2\/"},"modified":"2020-05-18T21:13:54","modified_gmt":"2020-05-18T19:13:54","slug":"art-advisory-services-sofia-urbina-2","status":"publish","type":"page","link":"https:\/\/artadvisoryservices.org\/fr\/art-advisory-services-sofia-urbina-2\/","title":{"rendered":"Art Advisory Services &#8211; Sof\u00eda Urbina"},"content":{"rendered":"<p>[et_pb_section fb_built=\u00a0\u00bb1&Prime; module_class=\u00a0\u00bbseccion100vw\u00a0\u00bb _builder_version=\u00a0\u00bb4.4.3&Prime; width=\u00a0\u00bb100vw\u00a0\u00bb max_width=\u00a0\u00bb100vw\u00a0\u00bb module_alignment=\u00a0\u00bbcenter\u00a0\u00bb custom_margin=\u00a0\u00bb10px|0px|0px|0px|false|false\u00a0\u00bb custom_padding=\u00a0\u00bb0px|0px||0px|false|false\u00a0\u00bb][et_pb_row module_class=\u00a0\u00bbfila100vw\u00a0\u00bb _builder_version=\u00a0\u00bb4.4.3&Prime; max_width=\u00a0\u00bb100vw\u00a0\u00bb module_alignment=\u00a0\u00bbcenter\u00a0\u00bb min_height=\u00a0\u00bb400px\u00a0\u00bb height=\u00a0\u00bb400px\u00a0\u00bb custom_margin=\u00a0\u00bb|0px||0px|false|false\u00a0\u00bb custom_padding=\u00a0\u00bb|0px||0px|false|false\u00a0\u00bb][et_pb_column type=\u00a0\u00bb4_4&Prime; _builder_version=\u00a0\u00bb4.4.3&Prime; custom_padding=\u00a0\u00bb|0px||0px|false|false\u00a0\u00bb][et_pb_slider module_id=\u00a0\u00bbSLIDER\u00a0\u00bb _builder_version=\u00a0\u00bb4.4.3&Prime; width=\u00a0\u00bb100vw\u00a0\u00bb max_width=\u00a0\u00bb100vw\u00a0\u00bb module_alignment=\u00a0\u00bbcenter\u00a0\u00bb content_width=\u00a0\u00bb100vw\u00a0\u00bb content_max_width=\u00a0\u00bb100vw\u00a0\u00bb min_height=\u00a0\u00bb400px\u00a0\u00bb min_height_tablet=\u00a0\u00bb\u00a0\u00bb min_height_phone=\u00a0\u00bb\u00a0\u00bb min_height_last_edited=\u00a0\u00bbon|phone\u00a0\u00bb height=\u00a0\u00bb400px\u00a0\u00bb custom_margin=\u00a0\u00bb||||false|false\u00a0\u00bb custom_padding=\u00a0\u00bb||||false|false\u00a0\u00bb db_height=\u00a0\u00bb400px\u00a0\u00bb border_color_all=\u00a0\u00bb#953e88&Prime; border_width_top=\u00a0\u00bb1px\u00a0\u00bb border_width_bottom=\u00a0\u00bb1px\u00a0\u00bb box_shadow_style=\u00a0\u00bbpreset2&Prime;][et_pb_slide admin_title=\u00a0\u00bb01&Prime; _builder_version=\u00a0\u00bb4.4.3&Prime; background_image=\u00a0\u00bbhttps:\/\/artadvisoryservices.org\/wp-content\/uploads\/artadvisoryservices-aiweiwei-01.jpg\u00a0\u00bb background_enable_image=\u00a0\u00bbon\u00a0\u00bb custom_padding=\u00a0\u00bb|0px||0px|false|false\u00a0\u00bb][\/et_pb_slide][et_pb_slide admin_title=\u00a0\u00bb02&Prime; _builder_version=\u00a0\u00bb4.4.3&Prime; background_image=\u00a0\u00bbhttps:\/\/artadvisoryservices.org\/wp-content\/uploads\/artadvisoryservices-basquiat-02.jpg\u00a0\u00bb background_enable_image=\u00a0\u00bbon\u00a0\u00bb custom_padding=\u00a0\u00bb|0px||0px|false|false\u00a0\u00bb][\/et_pb_slide][et_pb_slide admin_title=\u00a0\u00bb03&Prime; _builder_version=\u00a0\u00bb4.4.3&Prime; background_image=\u00a0\u00bbhttps:\/\/artadvisoryservices.org\/wp-content\/uploads\/artadvisoryservices-condo-03.jpg\u00a0\u00bb background_enable_image=\u00a0\u00bbon\u00a0\u00bb custom_padding=\u00a0\u00bb|0px||0px|false|false\u00a0\u00bb][\/et_pb_slide][et_pb_slide admin_title=\u00a0\u00bb04&Prime; _builder_version=\u00a0\u00bb4.4.3&Prime; background_image=\u00a0\u00bbhttps:\/\/artadvisoryservices.org\/wp-content\/uploads\/artadvisoryservices-avendon-04.jpg\u00a0\u00bb background_enable_image=\u00a0\u00bbon\u00a0\u00bb custom_padding=\u00a0\u00bb|0px||0px|false|false\u00a0\u00bb][\/et_pb_slide][et_pb_slide admin_title=\u00a0\u00bb05&Prime; _builder_version=\u00a0\u00bb4.4.3&Prime; background_image=\u00a0\u00bbhttps:\/\/artadvisoryservices.org\/wp-content\/uploads\/artadvisoryservices-plensa-05.jpg\u00a0\u00bb background_enable_image=\u00a0\u00bbon\u00a0\u00bb custom_padding=\u00a0\u00bb|0px||0px|false|false\u00a0\u00bb][\/et_pb_slide][et_pb_slide admin_title=\u00a0\u00bb06&Prime; _builder_version=\u00a0\u00bb4.4.3&Prime; background_image=\u00a0\u00bbhttps:\/\/artadvisoryservices.org\/wp-content\/uploads\/artadvisoryservices-gormley-07.jpg\u00a0\u00bb background_enable_image=\u00a0\u00bbon\u00a0\u00bb custom_padding=\u00a0\u00bb|0px||0px|false|false\u00a0\u00bb][\/et_pb_slide][\/et_pb_slider][\/et_pb_column][\/et_pb_row][\/et_pb_section][et_pb_section fb_built=\u00a0\u00bb1&Prime; _builder_version=\u00a0\u00bb4.4.3&Prime; custom_padding=\u00a0\u00bb5px||||false|false\u00a0\u00bb][et_pb_row column_structure=\u00a0\u00bb1_2,1_2&Prime; _builder_version=\u00a0\u00bb4.4.3&Prime; custom_padding=\u00a0\u00bb5px||||false|false\u00a0\u00bb][et_pb_column type=\u00a0\u00bb1_2&Prime; _builder_version=\u00a0\u00bb4.4.2&Prime;][et_pb_text _builder_version=\u00a0\u00bb4.4.5&Prime; text_font=\u00a0\u00bbOpen Sans Condensed||||||||\u00a0\u00bb text_font_size=\u00a0\u00bb19px\u00a0\u00bb custom_padding=\u00a0\u00bb10px|30px||0px|false|false\u00a0\u00bb border_width_right=\u00a0\u00bb1px\u00a0\u00bb]<\/p>\n<p><strong><span style=\"color: #993366; font-size: 1.5em;\">Art Advisory Services\u00a0<\/span><\/strong><strong>est passionn\u00e9ment engag\u00e9 dans l\u00b4acquisition d\u2019oeuvres d\u00b4art contemporain.<\/strong> Nous consid\u00e9rons l&rsquo;art comme un moyen de prolonger notre contemporan\u00e9it\u00e9 historique et comme une voie alternative de regarder le monde.\u200b<\/p>\n<p><strong>Notre objectif est de trouver des oeuvres qui r\u00e9pondent aux gouts et au budget de chaque client , et de donner une valeur ajout\u00e9e \u00e0 leur investissement.<\/strong><\/p>\n<p class=\"portada\">Art Advisory Services travaille avec des artistes issus de l\u2019art contemporain Am\u00e9ricain , Latino-Am\u00e9ricain , Europ\u00e9en et du Moyen Orient. Nous offrons \u00e9galement nos services pour la recherche d\u2019oeuvres sp\u00e9cifiques \u00e0 la demande du client sur le march\u00e9 international.\u00a0 <strong>De plus, nous travaillons en \u00e9troite collaboration avec les grands sp\u00e9cialistes du vieux march\u00e9 en Espagne <span style=\"text-decoration: underline;\"><a href=\"http:\/\/www.galeriacaylus.com\" target=\"_blank\" rel=\"noopener noreferrer\">www.galeriacaylus.com<\/a><\/span><\/strong><\/p>\n<p>Art Advisory Services est bas\u00e9 \u00e0 Madrid et est \u00e9galement repr\u00e9sent\u00e9 \u00e0 Amsterdam, Buenos Aires et Miami .<\/p>\n<p>Art Advisory Services est g\u00e9r\u00e9 par Sofia Urbina et son \u00e9quipe internationale.<\/p>\n<p>[\/et_pb_text][\/et_pb_column][et_pb_column type=\u00a0\u00bb1_2&Prime; _builder_version=\u00a0\u00bb4.4.2&Prime;][et_pb_text _builder_version=\u00a0\u00bb4.4.5&Prime; text_font=\u00a0\u00bbOpen Sans Condensed||||||||\u00a0\u00bb text_font_size=\u00a0\u00bb19px\u00a0\u00bb custom_padding=\u00a0\u00bb10px|||30px|false|false\u00a0\u00bb]<strong><span style=\"color: #993366; font-size: 1.2em;\">Derni\u00e8res nouvelles<\/span><\/strong><\/p>\n<p style=\"padding-left: 30px;\"><a href=\"https:\/\/artadvisoryservices.org\/prensa\/forbes\/\"><strong>Forbes<\/strong><\/a><\/p>\n<p style=\"padding-left: 30px;\"><a href=\"https:\/\/artadvisoryservices.org\/prensa\/vanity-fair\/\"><strong>Vanity Fair<\/strong><\/a><\/p>\n<p style=\"padding-left: 30px;\"><a href=\"https:\/\/artadvisoryservices.org\/prensa\/intereconomia-television\/\"><strong>Intereconom\u00eda Televisi\u00f3n<\/strong><\/a><\/p>\n<p style=\"padding-left: 30px;\"><a href=\"https:\/\/artadvisoryservices.org\/prensa\/art-antiques\/\"><strong>Art &amp; Antiques<\/strong><\/a><\/p>\n<p style=\"padding-left: 30px;\"><a href=\"https:\/\/artadvisoryservices.org\/prensa\/tendencias-del-mundo-del-arte\/\"><strong>Tendencias del Mercado del Arte<\/strong><\/a><\/p>\n<p>[\/et_pb_text][\/et_pb_column][\/et_pb_row][et_pb_row _builder_version=\u00a0\u00bb4.4.5&Prime; custom_margin=\u00a0\u00bb30px||||false|false\u00a0\u00bb custom_padding=\u00a0\u00bb||||false|false\u00a0\u00bb][et_pb_column type=\u00a0\u00bb4_4&Prime; _builder_version=\u00a0\u00bb4.4.5&Prime;][et_pb_text _builder_version=\u00a0\u00bb4.4.5&Prime; _dynamic_attributes=\u00a0\u00bblink_option_url\u00a0\u00bb text_font=\u00a0\u00bbOpen Sans Condensed||||||||\u00a0\u00bb link_option_url=\u00a0\u00bb@ET-DC@eyJkeW5hbWljIjp0cnVlLCJjb250ZW50IjoicG9zdF9saW5rX3VybF9wYWdlIiwic2V0dGluZ3MiOnsicG9zdF9pZCI6IjUxMjU3In19@\u00a0\u00bb]<\/p>\n<h3><strong><span style=\"color: #993366; font-size: 1.2em;\">Quelques exemples d\u2019\u0153uvres vendus par Art Advisory Services<\/span><\/strong><\/h3>\n<p>[\/et_pb_text][dsm_image_carousel gallery_ids=\u00a0\u00bb1295,1291,1289,1293,1296,51246,1292,51405,1286,1287,51458,51407,51404,51406,51251&Prime; sizes=\u00a0\u00bbet-pb-gallery-module-image-portrait\u00a0\u00bb autoplay_speed=\u00a0\u00bb5000&Prime; space_between=\u00a0\u00bb20&Prime; dots=\u00a0\u00bboff\u00a0\u00bb grab=\u00a0\u00bboff\u00a0\u00bb arrow_color=\u00a0\u00bb#953e88&Prime; arrow_background_color=\u00a0\u00bb#ffffff\u00a0\u00bb _builder_version=\u00a0\u00bb4.4.5&Prime;][\/dsm_image_carousel][\/et_pb_column][\/et_pb_row][\/et_pb_section]<\/p>\n<div class=\"sharing-default-minimal post-bottom\"><div class=\"nectar-social default\" data-position=\"\" data-rm-love=\"0\" data-color-override=\"override\"><div class=\"nectar-social-inner\"><a href=\"#\" class=\"nectar-love\" id=\"nectar-love-1320\" title=\"Love this\"> <i class=\"icon-salient-heart-2\"><\/i><span class=\"love-text\">Love<\/span><span class=\"total_loves\"><span class=\"nectar-love-count\">0<\/span><\/span><\/a><a class='facebook-share nectar-sharing' href='#' title='Share this'> <i class='fa fa-facebook'><\/i> <span class='social-text'>Share<\/span> <\/a><a class='twitter-share nectar-sharing' href='#' title='Share this'> <i class='fa icon-salient-x-twitter'><\/i> <span class='social-text'>Share<\/span> <\/a><a class='linkedin-share nectar-sharing' href='#' title='Share this'> <i class='fa fa-linkedin'><\/i> <span class='social-text'>Share<\/span> <\/a><a class='pinterest-share nectar-sharing' href='#' title='Pin this'> <i class='fa fa-pinterest'><\/i> <span class='social-text'>Pin<\/span> <\/a><\/div><\/div><\/div>","protected":false},"excerpt":{"rendered":"<p>Art Advisory Services est passionn\u00e9ment engag\u00e9 dans l\u00b4acquisition d\u2019oeuvres d\u00b4art contemporain. Nous consid\u00e9rons l&rsquo;art comme un moyen de prolonger notre contemporan\u00e9it\u00e9 historique et comme une voie alternative de regarder le monde.\u200b<\/p>\n","protected":false},"author":1,"featured_media":0,"parent":0,"menu_order":0,"comment_status":"closed","ping_status":"closed","template":"","meta":{"_et_pb_use_builder":"on","_et_pb_old_content":"","_et_gb_content_width":"","pmpro_default_level":"","footnotes":""},"class_list":["post-1320","page","type-page","status-publish","hentry","pmpro-has-access"],"aioseo_notices":[],"_links":{"self":[{"href":"https:\/\/artadvisoryservices.org\/fr\/wp-json\/wp\/v2\/pages\/1320","targetHints":{"allow":["GET"]}}],"collection":[{"href":"https:\/\/artadvisoryservices.org\/fr\/wp-json\/wp\/v2\/pages"}],"about":[{"href":"https:\/\/artadvisoryservices.org\/fr\/wp-json\/wp\/v2\/types\/page"}],"author":[{"embeddable":true,"href":"https:\/\/artadvisoryservices.org\/fr\/wp-json\/wp\/v2\/users\/1"}],"replies":[{"embeddable":true,"href":"https:\/\/artadvisoryservices.org\/fr\/wp-json\/wp\/v2\/comments?post=1320"}],"version-history":[{"count":1,"href":"https:\/\/artadvisoryservices.org\/fr\/wp-json\/wp\/v2\/pages\/1320\/revisions"}],"predecessor-version":[{"id":51566,"href":"https:\/\/artadvisoryservices.org\/fr\/wp-json\/wp\/v2\/pages\/1320\/revisions\/51566"}],"wp:attachment":[{"href":"https:\/\/artadvisoryservices.org\/fr\/wp-json\/wp\/v2\/media?parent=1320"}],"curies":[{"name":"wp","href":"https:\/\/api.w.org\/{rel}","templated":true}]}}