{"id":51203,"date":"2020-04-07T19:56:24","date_gmt":"2020-04-07T17:56:24","guid":{"rendered":"https:\/\/artadvisoryservices.org\/obras-vendidas\/"},"modified":"2020-05-10T10:59:55","modified_gmt":"2020-05-10T08:59:55","slug":"artworks-sold","status":"publish","type":"page","link":"https:\/\/artadvisoryservices.org\/en\/artworks-sold\/","title":{"rendered":"Artworks sold"},"content":{"rendered":"<p>[et_pb_section fb_built=&#8221;1&#8243; _builder_version=&#8221;4.4.3&#8243; custom_margin=&#8221;0px|0px|0px|0px|false|false&#8221; custom_padding=&#8221;0px|0px|0px|0px|false|false&#8221;][et_pb_row _builder_version=&#8221;4.4.2&#8243; saved_tabs=&#8221;all&#8221;][et_pb_column type=&#8221;4_4&#8243; _builder_version=&#8221;4.4.2&#8243;][et_pb_text _builder_version=&#8221;4.4.5&#8243; text_font=&#8221;Open Sans Condensed||||||||&#8221; text_font_size=&#8221;19px&#8221; height=&#8221;100%&#8221; custom_padding=&#8221;||||false|false&#8221;]<\/p>\n<p><strong><span style=\"color: #993366; font-size: 1.5em;\">Artists sold<\/span><\/strong><\/p>\n<p>[\/et_pb_text][\/et_pb_column][\/et_pb_row][et_pb_row _builder_version=&#8221;4.4.2&#8243; module_alignment=&#8221;center&#8221;][et_pb_column type=&#8221;4_4&#8243; _builder_version=&#8221;4.4.2&#8243;][et_pb_text admin_label=&#8221;Autores Vendidos&#8221; module_class=&#8221;txt-4cols&#8221; _builder_version=&#8221;4.4.3&#8243;]<\/p>\n<p>A. Kassen<br \/> Abbas Kiarostami<br \/> Ai Weiwei<br \/> Aldo Chaparro<br \/> Andy Warhol<br \/> \u00c1ngela de la Cruz<br \/> Anthony Gormley<br \/> Antoni T\u00e1pies<br \/> Antonio Saura<br \/> Aya Takano<br \/> Bernard Venet<br \/> Bosco Sodi<br \/> Chao Lu<br \/> Chema Madoz<br \/> Clare Woods<br \/> Damien Hirst<br \/> Dionisio Gonz\u00e1lez<br \/> Ed Ruscha<br \/> Emil Lukas<br \/> Emilio Pettoruti<br \/> Erwin Olaf<br \/> Fred Tomaselli<br \/> Gabriel Orozco<br \/> George Condo<br \/> Gonzalo Lebrija<br \/> Guillermo Kuitca<br \/> Hans Op Beeck<br \/> Helmut Newton<br \/> Herb Ritts<br \/> Hiroshi Sugimoto<br \/> Ian Monroe<br \/> James Rosenquist<br \/> Jason Martin<br \/> Jaume Plensa<br \/> Juan Francisco Casas<br \/> Julian Opie<br \/> Leandro Elrich<br \/> Los Carpinteros<br \/> Lu Chao<br \/> Lucio Mu\u00f1oz<br \/> Ma\u00edllo<br \/> Manolo Millares<br \/> Manuel Rivera<br \/> Manuel Caeiro<br \/> Miquel Barcel\u00f3<br \/> Nir Hod<br \/> Olafur Eliasson<br \/> \u00d3scar Murillo<br \/> Pablo Palazuelo<br \/> Parviz Tanavoli<br \/> Peter Beard<br \/> Phillip-Lorca di Corcia<br \/> Rafael Macarr\u00f3n<br \/> Rashid Rana<br \/> Raymond Pettibon<br \/> Richard Avedon<br \/> Richard Longo<br \/> Robert Longo<br \/> Sarah Morris<br \/> Secundino Hern\u00e1ndez<br \/> Shadi Ghadirian<br \/> Stephan Bruggenmann<br \/> Sterlin Rubi<br \/> Thomas Ruff<br \/> Thomas Scheibitz<br \/> Thomas Struth<br \/> Tomas Saraceno<br \/> Tomohiro Inaba<br \/> Tony Cragg<br \/> Ugo Rondinone<br \/> Vik Muniz<br \/> Yan Pei Ming<br \/> Yasumasa Morimura<br \/> Youssef Nabil<\/p>\n<p style=\"text-align: right;\">\u2026among others<\/p>\n<p>[\/et_pb_text][\/et_pb_column][\/et_pb_row][et_pb_row _builder_version=&#8221;4.4.2&#8243;][et_pb_column type=&#8221;4_4&#8243; _builder_version=&#8221;4.4.2&#8243;][et_pb_text _builder_version=&#8221;4.4.5&#8243; text_font=&#8221;Open Sans Condensed||||||||&#8221; text_font_size=&#8221;19px&#8221; height=&#8221;100%&#8221; custom_margin=&#8221;||30px||false|false&#8221; custom_padding=&#8221;||||false|false&#8221;]<\/p>\n<p><strong><span style=\"color: #993366; font-size: 1.5em;\">Examples of some sold works<\/span><\/strong><\/p>\n<p>[\/et_pb_text][et_pb_gallery gallery_ids=&#8221;1295,1291,1289,1293,1296,51246,1292,51405,1286,1287,51458,51407,51404,51406,51251&#8243; posts_number=&#8221;15&#8243; db_images_per_row=&#8221;3&#8243; db_image_row_spacing=&#8221;3px&#8221; db_image_object_fit=&#8221;initial&#8221; orientation=&#8221;portrait&#8221; show_pagination=&#8221;off&#8221; admin_label=&#8221;Galer\u00eda Autores Vendidos&#8221; _builder_version=&#8221;4.4.5&#8243; custom_margin=&#8221;||10px||false|false&#8221; custom_padding=&#8221;||10px||false|false&#8221; hover_enabled=&#8221;0&#8243; saved_tabs=&#8221;all&#8221; locked=&#8221;off&#8221;][\/et_pb_gallery][\/et_pb_column][\/et_pb_row][\/et_pb_section]<\/p>\n<div class=\"sharing-default-minimal post-bottom\"><div class=\"nectar-social default\" data-position=\"\" data-rm-love=\"0\" data-color-override=\"override\"><div class=\"nectar-social-inner\"><a href=\"#\" class=\"nectar-love\" id=\"nectar-love-51203\" title=\"Love this\"> <i class=\"icon-salient-heart-2\"><\/i><span class=\"love-text\">Love<\/span><span class=\"total_loves\"><span class=\"nectar-love-count\">0<\/span><\/span><\/a><a class='facebook-share nectar-sharing' href='#' title='Share this'> <i class='fa fa-facebook'><\/i> <span class='social-text'>Share<\/span> <\/a><a class='twitter-share nectar-sharing' href='#' title='Share this'> <i class='fa icon-salient-x-twitter'><\/i> <span class='social-text'>Share<\/span> <\/a><a class='linkedin-share nectar-sharing' href='#' title='Share this'> <i class='fa fa-linkedin'><\/i> <span class='social-text'>Share<\/span> <\/a><a class='pinterest-share nectar-sharing' href='#' title='Pin this'> <i class='fa fa-pinterest'><\/i> <span class='social-text'>Pin<\/span> <\/a><\/div><\/div><\/div>","protected":false},"excerpt":{"rendered":"<p>Artists soldA. Kassen Abbas Kiarostami Ai Weiwei Aldo Chaparro Andy Warhol \u00c1ngela de la Cruz Anthony Gormley Antoni T\u00e1pies Antonio Saura Aya Takano Bernard Venet Bosco Sodi Chao Lu Chema Madoz Clare Woods Damien Hirst Dionisio Gonz\u00e1lez Ed Ruscha Emil Lukas Emilio Pettoruti Erwin Olaf Fred Tomaselli Gabriel Orozco George Condo Gonzalo Lebrija Guillermo Kuitca [&hellip;]<\/p>\n","protected":false},"author":1,"featured_media":0,"parent":0,"menu_order":0,"comment_status":"closed","ping_status":"closed","template":"","meta":{"_et_pb_use_builder":"on","_et_pb_old_content":"","_et_gb_content_width":"","pmpro_default_level":"","footnotes":""},"class_list":["post-51203","page","type-page","status-publish","hentry","pmpro-has-access"],"aioseo_notices":[],"_links":{"self":[{"href":"https:\/\/artadvisoryservices.org\/en\/wp-json\/wp\/v2\/pages\/51203","targetHints":{"allow":["GET"]}}],"collection":[{"href":"https:\/\/artadvisoryservices.org\/en\/wp-json\/wp\/v2\/pages"}],"about":[{"href":"https:\/\/artadvisoryservices.org\/en\/wp-json\/wp\/v2\/types\/page"}],"author":[{"embeddable":true,"href":"https:\/\/artadvisoryservices.org\/en\/wp-json\/wp\/v2\/users\/1"}],"replies":[{"embeddable":true,"href":"https:\/\/artadvisoryservices.org\/en\/wp-json\/wp\/v2\/comments?post=51203"}],"version-history":[{"count":0,"href":"https:\/\/artadvisoryservices.org\/en\/wp-json\/wp\/v2\/pages\/51203\/revisions"}],"wp:attachment":[{"href":"https:\/\/artadvisoryservices.org\/en\/wp-json\/wp\/v2\/media?parent=51203"}],"curies":[{"name":"wp","href":"https:\/\/api.w.org\/{rel}","templated":true}]}}